{"id":14,"date":"2025-05-20T15:53:41","date_gmt":"2025-05-20T13:53:41","guid":{"rendered":"https:\/\/zahnarzt-kuhn.de\/?page_id=14"},"modified":"2026-05-02T14:29:31","modified_gmt":"2026-05-02T12:29:31","slug":"zahnarztpraxis-dr-achim-kuhn","status":"publish","type":"page","link":"https:\/\/zahnarzt-kuhn.de\/","title":{"rendered":"Startseite"},"content":{"rendered":"\t\t<div data-elementor-type=\"wp-page\" data-elementor-id=\"14\" class=\"elementor elementor-14\">\n\t\t\t\t<div class=\"elementor-element elementor-element-b801526 e-flex e-con-boxed e-con e-parent\" data-id=\"b801526\" data-element_type=\"container\">\n\t\t\t\t\t<div class=\"e-con-inner\">\n\t\t\t\t<div class=\"elementor-element elementor-element-85b6f24 elementor-widget elementor-widget-text-editor\" data-id=\"85b6f24\" data-element_type=\"widget\" data-widget_type=\"text-editor.default\">\n\t\t\t\t<div class=\"elementor-widget-container\">\n\t\t\t\t\t\t\t\t\t<p><strong>Herzlich Willkommen auf unserer Homepage,<\/strong><\/p><p><br \/>das Team der Zahnarztpraxis Dr. Kuhn freut sich, Sie hier begr\u00fc\u00dfen zu d\u00fcrfen.\u00a0Wenn Sie Fragen oder Anregungen haben, dann treten Sie gerne mit uns in Kontakt. Unser erfahrenes Team freut sich auf ihr Feedback.\u00a0<\/p><p>Wir suchen momentan mit voller Erwartung nach Mitarbeiter (m\/w\/d). <strong>ZFA<\/strong>, <strong>ZMP<\/strong> in <strong>Voll<\/strong>&#8211; oder <strong>Teilzeit<\/strong>. <strong>Flexiple<\/strong> Arbeitszeiten in einm <strong>famili\u00e4ren<\/strong> Umfeld garantiert. Gerne auch <strong>Wiedereinsteiger<\/strong> (m\/w\/d) oder <strong>Minijobler<\/strong> (m\/w\/d) mit leistungsgerechter Bezahlung.<\/p>\t\t\t\t\t\t\t\t<\/div>\n\t\t\t\t<\/div>\n\t\t\t\t\t<\/div>\n\t\t\t\t<\/div>\n\t\t<div class=\"elementor-element elementor-element-8f4d0d0 e-flex e-con-boxed e-con e-parent\" data-id=\"8f4d0d0\" data-element_type=\"container\">\n\t\t\t\t\t<div class=\"e-con-inner\">\n\t\t\t\t<div class=\"elementor-element elementor-element-6b64a5d elementor-widget elementor-widget-text-editor\" data-id=\"6b64a5d\" data-element_type=\"widget\" data-widget_type=\"text-editor.default\">\n\t\t\t\t<div class=\"elementor-widget-container\">\n\t\t\t\t\t\t\t\t\t<p>\u00a0<\/p><p>Ab <strong>Mai<\/strong> m\u00fcssen wir unsere Sprechzeiten aus <strong>Personalgr\u00fcnden <span style=\"text-decoration: underline;\">kurzfristig<\/span><\/strong> ver\u00e4ndern.<\/p><p>Wir sind haupts\u00e4chlich am <strong>Dienstag<\/strong> von 14:30 Uhr bis 19:00 Uhr, und am <strong>Mittwoch<\/strong> von 8:00 Uhr bis 12:30 Uhr, sowie nach <strong>Vereinbarung<\/strong> f\u00fcr Sie da.<\/p><p>Au\u00dferhalb dieser Zeiten wenden Sie sich in dringenden F\u00e4llen bitte an unsere Vertretung. Dies ist die Praxis <strong>Findeisen<\/strong> in Stuttgart-<strong>Wangen<\/strong>. Diese erreichen Sie unter der Nummer <a href=\"https:\/\/www.google.com\/search?client=firefox-b-d&amp;q=findeisen+zahnarzt\">0711 <strong>42 22 90<\/strong><\/a><strong>.<\/strong><\/p><p>Gerne k\u00f6nnen Sie uns auch eine Nachricht auf dem Anrufbeantworter hinterlassen \u2013 wir rufen Sie schnellstm\u00f6glich zur\u00fcck.<\/p><p>Alternativ sind wir bequem \u00fcber WhatsApp unter der Nummer <strong>015562-515889<\/strong> f\u00fcr Sie erreichbar. Per E-Mail unter <a href=\"mailto:Achim.Kuhn@t-online.de\"><strong>Achim.Kuhn@t-online.de<\/strong><\/a> oder<strong> <a href=\"mailto:rezeption@zahnarzt-kuhn.de\">rezeption@zahnarzt-kuhn.de<\/a>.<\/strong><\/p><p>Vielen Dank f\u00fcr Ihren Anruf und Ihr Verst\u00e4ndnis.<\/p><figure><table style=\"height: 306px;\" width=\"396\"><tbody><tr><td data-align=\"center\">\u00a0<\/td><td data-align=\"center\">\u00a0<\/td><td data-align=\"center\">\u00a0<\/td><td data-align=\"center\">\u00a0<\/td><td>\u00a0<\/td><\/tr><tr><td data-align=\"center\">\u00a0<\/td><td data-align=\"center\">\u00a0<\/td><td data-align=\"center\">\u00a0<\/td><td data-align=\"center\">\u00a0<\/td><td>\u00a0<\/td><\/tr><tr><td data-align=\"center\">\u00a0<\/td><td data-align=\"center\">\u00a0<\/td><td data-align=\"center\">\u00a0<\/td><td data-align=\"center\">\u00a0<\/td><td>\u00a0<\/td><\/tr><tr><td data-align=\"center\">\u00a0<\/td><td data-align=\"center\">\u00a0<\/td><td data-align=\"center\">\u00a0<\/td><td data-align=\"center\">\u00a0<\/td><td>\u00a0<\/td><\/tr><tr><td data-align=\"center\">\u00a0<\/td><td data-align=\"center\">\u00a0<\/td><td data-align=\"center\">\u00a0<\/td><td data-align=\"center\">\u00a0<\/td><td>\u00a0<\/td><\/tr><tr><td data-align=\"center\">\u00a0<\/td><td data-align=\"center\">\u00a0<\/td><td data-align=\"center\">\u00a0<\/td><td data-align=\"center\">\u00a0<\/td><td>\u00a0<\/td><\/tr><\/tbody><\/table><\/figure>\t\t\t\t\t\t\t\t<\/div>\n\t\t\t\t<\/div>\n\t\t\t\t\t<\/div>\n\t\t\t\t<\/div>\n\t\t\t\t<\/div>\n\t\t","protected":false},"excerpt":{"rendered":"<p>Herzlich Willkommen auf unserer Homepage, das Team der Zahnarztpraxis Dr. Kuhn freut sich, Sie hier begr\u00fc\u00dfen zu d\u00fcrfen.\u00a0Wenn Sie Fragen oder Anregungen haben, dann treten Sie gerne mit uns in Kontakt. Unser erfahrenes Team freut sich auf ihr Feedback.\u00a0 Wir suchen momentan mit voller Erwartung nach Mitarbeiter (m\/w\/d). ZFA, ZMP in Voll&#8211; oder Teilzeit. Flexiple [&hellip;]<\/p>\n","protected":false},"author":1,"featured_media":0,"parent":0,"menu_order":0,"comment_status":"closed","ping_status":"closed","template":"","meta":{"footnotes":""},"class_list":["post-14","page","type-page","status-publish","hentry","entry"],"_links":{"self":[{"href":"https:\/\/zahnarzt-kuhn.de\/index.php?rest_route=\/wp\/v2\/pages\/14","targetHints":{"allow":["GET"]}}],"collection":[{"href":"https:\/\/zahnarzt-kuhn.de\/index.php?rest_route=\/wp\/v2\/pages"}],"about":[{"href":"https:\/\/zahnarzt-kuhn.de\/index.php?rest_route=\/wp\/v2\/types\/page"}],"author":[{"embeddable":true,"href":"https:\/\/zahnarzt-kuhn.de\/index.php?rest_route=\/wp\/v2\/users\/1"}],"replies":[{"embeddable":true,"href":"https:\/\/zahnarzt-kuhn.de\/index.php?rest_route=%2Fwp%2Fv2%2Fcomments&post=14"}],"version-history":[{"count":23,"href":"https:\/\/zahnarzt-kuhn.de\/index.php?rest_route=\/wp\/v2\/pages\/14\/revisions"}],"predecessor-version":[{"id":117,"href":"https:\/\/zahnarzt-kuhn.de\/index.php?rest_route=\/wp\/v2\/pages\/14\/revisions\/117"}],"wp:attachment":[{"href":"https:\/\/zahnarzt-kuhn.de\/index.php?rest_route=%2Fwp%2Fv2%2Fmedia&parent=14"}],"curies":[{"name":"wp","href":"https:\/\/api.w.org\/{rel}","templated":true}]}}